{"id":4122,"date":"2024-04-24T08:39:38","date_gmt":"2024-04-24T07:39:38","guid":{"rendered":"https:\/\/www.vovcak.com\/404-izgubljena-stran\/"},"modified":"2024-04-24T17:09:37","modified_gmt":"2024-04-24T16:09:37","slug":"404-izgubljena-stran","status":"publish","type":"page","link":"https:\/\/www.vovcak.com\/hr\/404-izgubljena-stran\/","title":{"rendered":"404 &#8211; izgubljena stran"},"content":{"rendered":"\t\t<div data-elementor-type=\"wp-page\" data-elementor-id=\"4122\" class=\"elementor elementor-4122 elementor-4110\" data-elementor-settings=\"{&quot;element_pack_global_tooltip_width&quot;:{&quot;unit&quot;:&quot;px&quot;,&quot;size&quot;:&quot;&quot;,&quot;sizes&quot;:[]},&quot;element_pack_global_tooltip_width_tablet&quot;:{&quot;unit&quot;:&quot;px&quot;,&quot;size&quot;:&quot;&quot;,&quot;sizes&quot;:[]},&quot;element_pack_global_tooltip_width_mobile&quot;:{&quot;unit&quot;:&quot;px&quot;,&quot;size&quot;:&quot;&quot;,&quot;sizes&quot;:[]},&quot;element_pack_global_tooltip_padding&quot;:{&quot;unit&quot;:&quot;px&quot;,&quot;top&quot;:&quot;&quot;,&quot;right&quot;:&quot;&quot;,&quot;bottom&quot;:&quot;&quot;,&quot;left&quot;:&quot;&quot;,&quot;isLinked&quot;:true},&quot;element_pack_global_tooltip_padding_tablet&quot;:{&quot;unit&quot;:&quot;px&quot;,&quot;top&quot;:&quot;&quot;,&quot;right&quot;:&quot;&quot;,&quot;bottom&quot;:&quot;&quot;,&quot;left&quot;:&quot;&quot;,&quot;isLinked&quot;:true},&quot;element_pack_global_tooltip_padding_mobile&quot;:{&quot;unit&quot;:&quot;px&quot;,&quot;top&quot;:&quot;&quot;,&quot;right&quot;:&quot;&quot;,&quot;bottom&quot;:&quot;&quot;,&quot;left&quot;:&quot;&quot;,&quot;isLinked&quot;:true},&quot;element_pack_global_tooltip_border_radius&quot;:{&quot;unit&quot;:&quot;px&quot;,&quot;top&quot;:&quot;&quot;,&quot;right&quot;:&quot;&quot;,&quot;bottom&quot;:&quot;&quot;,&quot;left&quot;:&quot;&quot;,&quot;isLinked&quot;:true},&quot;element_pack_global_tooltip_border_radius_tablet&quot;:{&quot;unit&quot;:&quot;px&quot;,&quot;top&quot;:&quot;&quot;,&quot;right&quot;:&quot;&quot;,&quot;bottom&quot;:&quot;&quot;,&quot;left&quot;:&quot;&quot;,&quot;isLinked&quot;:true},&quot;element_pack_global_tooltip_border_radius_mobile&quot;:{&quot;unit&quot;:&quot;px&quot;,&quot;top&quot;:&quot;&quot;,&quot;right&quot;:&quot;&quot;,&quot;bottom&quot;:&quot;&quot;,&quot;left&quot;:&quot;&quot;,&quot;isLinked&quot;:true}}\" data-elementor-post-type=\"page\">\n\t\t\t\t<div class=\"xts-negative-gap elementor-element elementor-element-7ba563f e-flex e-con-boxed xts-section-disabled e-con e-parent\" data-id=\"7ba563f\" data-element_type=\"container\">\n\t\t\t\t\t<div class=\"e-con-inner\">\n\t\t<div class=\"xts-negative-gap elementor-element elementor-element-d52ed5f e-flex e-con-boxed xts-section-disabled e-con e-child\" data-id=\"d52ed5f\" data-element_type=\"container\">\n\t\t\t\t\t<div class=\"e-con-inner\">\n\t\t<div class=\"xts-negative-gap elementor-element elementor-element-ab80482 e-flex e-con-boxed xts-section-disabled e-con e-child\" data-id=\"ab80482\" data-element_type=\"container\">\n\t\t\t\t\t<div class=\"e-con-inner\">\n\t\t\t\t<div class=\"elementor-element elementor-element-443992c xts-width-100 elementor-widget elementor-widget-xts_title\" data-id=\"443992c\" data-element_type=\"widget\" data-widget_type=\"xts_title.default\">\n\t\t\t\t<div class=\"elementor-widget-container\">\n\t\t\t\t\t\t\t\t<div class=\"xts-section-heading xts-reset-mb-10 xts-reset-last xts-textalign-center\" data-animation-delay=\"\">\n\t\t\t\t\t\t\t\t\t<div class=\"xts-section-subtitle xts-fontsize-l\">\n\t\t\t\t\t\t<span class=\"xts-section-subtitle-text\" data-elementor-setting-key=\"subtitle\">\n\t\t\t\t\t\t\t404\t\t\t\t\t\t<\/span>\n\n\t\t\t\t\t\t\t\t\t\t\t<\/div>\n\t\t\t\t\n\t\t\t\t\t\t\t\t\t<h4 class=\"xts-section-title title xts-design-default xts-fontsize-xl\">\n\t\t\t\t\t\t<span class=\"xts-section-title-text\" data-elementor-setting-key=\"title\">\n\t\t\t\t\t\t\tUPS, izgubljena stran.\t\t\t\t\t\t<\/span>\n\n\t\t\t\t\t\t\t\t\t\t\t<\/h4>\n\t\t\t\t\n\t\t\t\t\n\t\t\t\t\t\t\t\t\t<div class=\"xts-section-desc\">\n\t\t\t\t\t\t<div class=\"xts-section-desc-text xts-reset-all-last\" data-elementor-setting-key=\"description\">\n\t\t\t\t\t\t\t<p>Ob posodobitvi se je iskana spletna stran izgubila.\u00a0<\/p><p><strong>Za nadaljevanje obi\u0161\u010dite za\u010detno stran na\u0161ega spletnega mesta ali pa uporabite zgornji navigacijski meni.\u00a0<\/strong><\/p>\t\t\t\t\t\t<\/div>\n\t\t\t\t\t<\/div>\n\t\t\t\t\t\t\t<\/div>\n\t\t\t\t\t\t<\/div>\n\t\t\t\t<\/div>\n\t\t\t\t<div class=\"elementor-element elementor-element-660515b elementor-widget elementor-widget-spacer\" data-id=\"660515b\" data-element_type=\"widget\" data-widget_type=\"spacer.default\">\n\t\t\t\t<div class=\"elementor-widget-container\">\n\t\t\t\t\t\t\t<div class=\"elementor-spacer\">\n\t\t\t<div class=\"elementor-spacer-inner\"><\/div>\n\t\t<\/div>\n\t\t\t\t\t\t<\/div>\n\t\t\t\t<\/div>\n\t\t<div class=\"xts-negative-gap elementor-element elementor-element-2d5fccc e-flex e-con-boxed xts-section-disabled e-con e-child\" data-id=\"2d5fccc\" data-element_type=\"container\">\n\t\t\t\t\t<div class=\"e-con-inner\">\n\t\t\t\t<div class=\"elementor-element elementor-element-359450d elementor-widget elementor-widget-xts_button\" data-id=\"359450d\" data-element_type=\"widget\" data-widget_type=\"xts_button.default\">\n\t\t\t\t<div class=\"elementor-widget-container\">\n\t\t\t\t\t\t\t\t<div class=\"xts-button-wrapper xts-textalign-left\" >\n\t\t\t\t\t\t\t\t\t<a class=\"xts-button xts-size-m xts-style-default xts-color-primary xts-shape-rounded xts-icon-pos-right xts-icon-style-default xts-icon-anim-fade-right\"  href=\"\/\">\n\t\t\t\t\t\t<span class=\"xts-button-text\" data-elementor-setting-key=\"button_text\">\n\t\t\t\t\t\t\tNa za\u010detno stran\t\t\t\t\t\t<\/span>\n\n\t\t\t\t\t\t\t\t\t\t\t\t\t<span class=\"xts-button-icon\">\n\t\t\t\t\t\t\t\t<i class=\"icofont icofont-ui-home\"><\/i>\t\t\t\t\t\t\t<\/span>\n\t\t\t\t\t\t\t\t\t\t\t<\/a>\n\t\t\t\t\t\t\t<\/div>\n\t\t\t\t\t\t<\/div>\n\t\t\t\t<\/div>\n\t\t\t\t\t<\/div>\n\t\t\t\t<\/div>\n\t\t\t\t<div class=\"elementor-element elementor-element-a1c20e5 elementor-widget elementor-widget-spacer\" data-id=\"a1c20e5\" data-element_type=\"widget\" data-widget_type=\"spacer.default\">\n\t\t\t\t<div class=\"elementor-widget-container\">\n\t\t\t\t\t\t\t<div class=\"elementor-spacer\">\n\t\t\t<div class=\"elementor-spacer-inner\"><\/div>\n\t\t<\/div>\n\t\t\t\t\t\t<\/div>\n\t\t\t\t<\/div>\n\t\t\t\t\t<\/div>\n\t\t\t\t<\/div>\n\t\t<div class=\"xts-negative-gap elementor-element elementor-element-3d3bad8 e-flex e-con-boxed xts-section-disabled e-con e-child\" data-id=\"3d3bad8\" data-element_type=\"container\">\n\t\t\t\t\t<div class=\"e-con-inner\">\n\t\t\t\t<div class=\"elementor-element elementor-element-1c73890 elementor-widget elementor-widget-xts_image\" data-id=\"1c73890\" data-element_type=\"widget\" data-widget_type=\"xts_image.default\">\n\t\t\t\t<div class=\"elementor-widget-container\">\n\t\t\t\t\t\t\t\t<div class=\"xts-image-single xts-textalign-center\">\n\t\t\t\t<figure class=\"xts-image\">\n\t\t\t\t\t\t\t\t\t\t\t<div class=\"xts-image-inner\">\n\t\t\t\t\t\n\t\t\t\t\t\t<img fetchpriority=\"high\" decoding=\"async\" width=\"800\" height=\"600\" src=\"https:\/\/www.vovcak.com\/wp-content\/uploads\/2024\/04\/bfa7cc9266b49112a0bc3035802ceaa0.gif\" class=\"attachment-large size-large wp-image-4115\" alt=\"\" \/>\n\t\t\t\t\t\t\t\t\t\t\t<\/div>\n\t\t\t\t\t\n\t\t\t\t\t\t\t\t\t<\/figure>\n\n\t\t\t\t\t\t\t<\/div>\n\t\t\t\t\t\t<\/div>\n\t\t\t\t<\/div>\n\t\t\t\t\t<\/div>\n\t\t\t\t<\/div>\n\t\t\t\t\t<\/div>\n\t\t\t\t<\/div>\n\t\t\t\t\t<\/div>\n\t\t\t\t<\/div>\n\t\t\t\t<\/div>\n\t\t","protected":false},"excerpt":{"rendered":"<p>404 UPS, izgubljena stran. Ob posodobitvi se je iskana spletna stran izgubila.\u00a0 Za nadaljevanje obi\u0161\u010dite za\u010detno stran na\u0161ega spletnega mesta ali pa uporabite zgornji navigacijski meni.\u00a0 Na za\u010detno stran<\/p>\n","protected":false},"author":1,"featured_media":0,"parent":0,"menu_order":0,"comment_status":"closed","ping_status":"closed","template":"","meta":{"iawp_total_views":0,"footnotes":""},"class_list":["post-4122","page","type-page","status-publish","hentry"],"yoast_head":"<!-- This site is optimized with the Yoast SEO plugin v26.7 - https:\/\/yoast.com\/wordpress\/plugins\/seo\/ -->\n<title>404 - izgubljena stran - Vov\u010dak d.o.o.<\/title>\n<meta name=\"robots\" content=\"index, follow, max-snippet:-1, max-image-preview:large, max-video-preview:-1\" \/>\n<link rel=\"canonical\" href=\"https:\/\/www.vovcak.com\/hr\/404-izgubljena-stran\/\" \/>\n<meta property=\"og:locale\" content=\"hr_HR\" \/>\n<meta property=\"og:type\" content=\"article\" \/>\n<meta property=\"og:title\" content=\"404 - izgubljena stran - Vov\u010dak d.o.o.\" \/>\n<meta property=\"og:description\" content=\"404 UPS, izgubljena stran. Ob posodobitvi se je iskana spletna stran izgubila.\u00a0 Za nadaljevanje obi\u0161\u010dite za\u010detno stran na\u0161ega spletnega mesta ali pa uporabite zgornji navigacijski meni.\u00a0 Na za\u010detno stran\" \/>\n<meta property=\"og:url\" content=\"https:\/\/www.vovcak.com\/hr\/404-izgubljena-stran\/\" \/>\n<meta property=\"og:site_name\" content=\"Vov\u010dak d.o.o.\" \/>\n<meta property=\"article:modified_time\" content=\"2024-04-24T16:09:37+00:00\" \/>\n<meta property=\"og:image\" content=\"https:\/\/www.vovcak.com\/wp-content\/uploads\/2024\/04\/bfa7cc9266b49112a0bc3035802ceaa0.gif\" \/>\n<meta name=\"twitter:card\" content=\"summary_large_image\" \/>\n<meta name=\"twitter:label1\" content=\"Procijenjeno vrijeme \u010ditanja\" \/>\n\t<meta name=\"twitter:data1\" content=\"1 minuta\" \/>\n<script type=\"application\/ld+json\" class=\"yoast-schema-graph\">{\"@context\":\"https:\/\/schema.org\",\"@graph\":[{\"@type\":\"WebPage\",\"@id\":\"https:\/\/www.vovcak.com\/hr\/404-izgubljena-stran\/\",\"url\":\"https:\/\/www.vovcak.com\/hr\/404-izgubljena-stran\/\",\"name\":\"404 - izgubljena stran - Vov\u010dak d.o.o.\",\"isPartOf\":{\"@id\":\"https:\/\/www.vovcak.com\/hr\/#website\"},\"primaryImageOfPage\":{\"@id\":\"https:\/\/www.vovcak.com\/hr\/404-izgubljena-stran\/#primaryimage\"},\"image\":{\"@id\":\"https:\/\/www.vovcak.com\/hr\/404-izgubljena-stran\/#primaryimage\"},\"thumbnailUrl\":\"https:\/\/www.vovcak.com\/wp-content\/uploads\/2024\/04\/bfa7cc9266b49112a0bc3035802ceaa0.gif\",\"datePublished\":\"2024-04-24T07:39:38+00:00\",\"dateModified\":\"2024-04-24T16:09:37+00:00\",\"breadcrumb\":{\"@id\":\"https:\/\/www.vovcak.com\/hr\/404-izgubljena-stran\/#breadcrumb\"},\"inLanguage\":\"hr\",\"potentialAction\":[{\"@type\":\"ReadAction\",\"target\":[\"https:\/\/www.vovcak.com\/hr\/404-izgubljena-stran\/\"]}]},{\"@type\":\"ImageObject\",\"inLanguage\":\"hr\",\"@id\":\"https:\/\/www.vovcak.com\/hr\/404-izgubljena-stran\/#primaryimage\",\"url\":\"https:\/\/www.vovcak.com\/wp-content\/uploads\/2024\/04\/bfa7cc9266b49112a0bc3035802ceaa0.gif\",\"contentUrl\":\"https:\/\/www.vovcak.com\/wp-content\/uploads\/2024\/04\/bfa7cc9266b49112a0bc3035802ceaa0.gif\"},{\"@type\":\"BreadcrumbList\",\"@id\":\"https:\/\/www.vovcak.com\/hr\/404-izgubljena-stran\/#breadcrumb\",\"itemListElement\":[{\"@type\":\"ListItem\",\"position\":1,\"name\":\"Home\",\"item\":\"https:\/\/www.vovcak.com\/hr\/\"},{\"@type\":\"ListItem\",\"position\":2,\"name\":\"404 &#8211; izgubljena stran\"}]},{\"@type\":\"WebSite\",\"@id\":\"https:\/\/www.vovcak.com\/hr\/#website\",\"url\":\"https:\/\/www.vovcak.com\/hr\/\",\"name\":\"VSOLAR . Vov\u010dak d.o.o.\",\"description\":\"U\u010dinkovita rje\u0161enja za sun\u010danu energiju\",\"publisher\":{\"@id\":\"https:\/\/www.vovcak.com\/hr\/#organization\"},\"potentialAction\":[{\"@type\":\"SearchAction\",\"target\":{\"@type\":\"EntryPoint\",\"urlTemplate\":\"https:\/\/www.vovcak.com\/hr\/?s={search_term_string}\"},\"query-input\":{\"@type\":\"PropertyValueSpecification\",\"valueRequired\":true,\"valueName\":\"search_term_string\"}}],\"inLanguage\":\"hr\"},{\"@type\":\"Organization\",\"@id\":\"https:\/\/www.vovcak.com\/hr\/#organization\",\"name\":\"VSOLAR . Vov\u010dak d.o.o.\",\"url\":\"https:\/\/www.vovcak.com\/hr\/\",\"logo\":{\"@type\":\"ImageObject\",\"inLanguage\":\"hr\",\"@id\":\"https:\/\/www.vovcak.com\/hr\/#\/schema\/logo\/image\/\",\"url\":\"https:\/\/www.vovcak.com\/wp-content\/uploads\/2024\/04\/VOVCAK-logo-v3-trans-header.png\",\"contentUrl\":\"https:\/\/www.vovcak.com\/wp-content\/uploads\/2024\/04\/VOVCAK-logo-v3-trans-header.png\",\"width\":351,\"height\":104,\"caption\":\"VSOLAR . Vov\u010dak d.o.o.\"},\"image\":{\"@id\":\"https:\/\/www.vovcak.com\/hr\/#\/schema\/logo\/image\/\"}}]}<\/script>\n<!-- \/ Yoast SEO plugin. -->","yoast_head_json":{"title":"404 - izgubljena stran - Vov\u010dak d.o.o.","robots":{"index":"index","follow":"follow","max-snippet":"max-snippet:-1","max-image-preview":"max-image-preview:large","max-video-preview":"max-video-preview:-1"},"canonical":"https:\/\/www.vovcak.com\/hr\/404-izgubljena-stran\/","og_locale":"hr_HR","og_type":"article","og_title":"404 - izgubljena stran - Vov\u010dak d.o.o.","og_description":"404 UPS, izgubljena stran. Ob posodobitvi se je iskana spletna stran izgubila.\u00a0 Za nadaljevanje obi\u0161\u010dite za\u010detno stran na\u0161ega spletnega mesta ali pa uporabite zgornji navigacijski meni.\u00a0 Na za\u010detno stran","og_url":"https:\/\/www.vovcak.com\/hr\/404-izgubljena-stran\/","og_site_name":"Vov\u010dak d.o.o.","article_modified_time":"2024-04-24T16:09:37+00:00","og_image":[{"url":"https:\/\/www.vovcak.com\/wp-content\/uploads\/2024\/04\/bfa7cc9266b49112a0bc3035802ceaa0.gif","type":"","width":"","height":""}],"twitter_card":"summary_large_image","twitter_misc":{"Procijenjeno vrijeme \u010ditanja":"1 minuta"},"schema":{"@context":"https:\/\/schema.org","@graph":[{"@type":"WebPage","@id":"https:\/\/www.vovcak.com\/hr\/404-izgubljena-stran\/","url":"https:\/\/www.vovcak.com\/hr\/404-izgubljena-stran\/","name":"404 - izgubljena stran - Vov\u010dak d.o.o.","isPartOf":{"@id":"https:\/\/www.vovcak.com\/hr\/#website"},"primaryImageOfPage":{"@id":"https:\/\/www.vovcak.com\/hr\/404-izgubljena-stran\/#primaryimage"},"image":{"@id":"https:\/\/www.vovcak.com\/hr\/404-izgubljena-stran\/#primaryimage"},"thumbnailUrl":"https:\/\/www.vovcak.com\/wp-content\/uploads\/2024\/04\/bfa7cc9266b49112a0bc3035802ceaa0.gif","datePublished":"2024-04-24T07:39:38+00:00","dateModified":"2024-04-24T16:09:37+00:00","breadcrumb":{"@id":"https:\/\/www.vovcak.com\/hr\/404-izgubljena-stran\/#breadcrumb"},"inLanguage":"hr","potentialAction":[{"@type":"ReadAction","target":["https:\/\/www.vovcak.com\/hr\/404-izgubljena-stran\/"]}]},{"@type":"ImageObject","inLanguage":"hr","@id":"https:\/\/www.vovcak.com\/hr\/404-izgubljena-stran\/#primaryimage","url":"https:\/\/www.vovcak.com\/wp-content\/uploads\/2024\/04\/bfa7cc9266b49112a0bc3035802ceaa0.gif","contentUrl":"https:\/\/www.vovcak.com\/wp-content\/uploads\/2024\/04\/bfa7cc9266b49112a0bc3035802ceaa0.gif"},{"@type":"BreadcrumbList","@id":"https:\/\/www.vovcak.com\/hr\/404-izgubljena-stran\/#breadcrumb","itemListElement":[{"@type":"ListItem","position":1,"name":"Home","item":"https:\/\/www.vovcak.com\/hr\/"},{"@type":"ListItem","position":2,"name":"404 &#8211; izgubljena stran"}]},{"@type":"WebSite","@id":"https:\/\/www.vovcak.com\/hr\/#website","url":"https:\/\/www.vovcak.com\/hr\/","name":"VSOLAR . Vov\u010dak d.o.o.","description":"U\u010dinkovita rje\u0161enja za sun\u010danu energiju","publisher":{"@id":"https:\/\/www.vovcak.com\/hr\/#organization"},"potentialAction":[{"@type":"SearchAction","target":{"@type":"EntryPoint","urlTemplate":"https:\/\/www.vovcak.com\/hr\/?s={search_term_string}"},"query-input":{"@type":"PropertyValueSpecification","valueRequired":true,"valueName":"search_term_string"}}],"inLanguage":"hr"},{"@type":"Organization","@id":"https:\/\/www.vovcak.com\/hr\/#organization","name":"VSOLAR . Vov\u010dak d.o.o.","url":"https:\/\/www.vovcak.com\/hr\/","logo":{"@type":"ImageObject","inLanguage":"hr","@id":"https:\/\/www.vovcak.com\/hr\/#\/schema\/logo\/image\/","url":"https:\/\/www.vovcak.com\/wp-content\/uploads\/2024\/04\/VOVCAK-logo-v3-trans-header.png","contentUrl":"https:\/\/www.vovcak.com\/wp-content\/uploads\/2024\/04\/VOVCAK-logo-v3-trans-header.png","width":351,"height":104,"caption":"VSOLAR . Vov\u010dak d.o.o."},"image":{"@id":"https:\/\/www.vovcak.com\/hr\/#\/schema\/logo\/image\/"}}]}},"_links":{"self":[{"href":"https:\/\/www.vovcak.com\/hr\/wp-json\/wp\/v2\/pages\/4122","targetHints":{"allow":["GET"]}}],"collection":[{"href":"https:\/\/www.vovcak.com\/hr\/wp-json\/wp\/v2\/pages"}],"about":[{"href":"https:\/\/www.vovcak.com\/hr\/wp-json\/wp\/v2\/types\/page"}],"author":[{"embeddable":true,"href":"https:\/\/www.vovcak.com\/hr\/wp-json\/wp\/v2\/users\/1"}],"replies":[{"embeddable":true,"href":"https:\/\/www.vovcak.com\/hr\/wp-json\/wp\/v2\/comments?post=4122"}],"version-history":[{"count":1,"href":"https:\/\/www.vovcak.com\/hr\/wp-json\/wp\/v2\/pages\/4122\/revisions"}],"predecessor-version":[{"id":4214,"href":"https:\/\/www.vovcak.com\/hr\/wp-json\/wp\/v2\/pages\/4122\/revisions\/4214"}],"wp:attachment":[{"href":"https:\/\/www.vovcak.com\/hr\/wp-json\/wp\/v2\/media?parent=4122"}],"curies":[{"name":"wp","href":"https:\/\/api.w.org\/{rel}","templated":true}]}}